{"id":916,"date":"2020-01-23T18:11:30","date_gmt":"2020-01-23T23:11:30","guid":{"rendered":"https:\/\/p4s.co\/news\/?page_id=916"},"modified":"2022-03-14T17:51:44","modified_gmt":"2022-03-14T22:51:44","slug":"terminos-y-condiciones","status":"publish","type":"page","link":"https:\/\/p4s.co\/news\/terminos-y-condiciones\/","title":{"rendered":"T\u00e9rminos y Condiciones de Uso de la plataforma p4s"},"content":{"rendered":"<p style=\"text-align: center;\"><strong>T\u00c9RMINOS Y CONDICIONES DE USO<br \/>\n<\/strong><strong>PARTNERS FOR STARTUPS P4S <\/strong><\/p>\n<p>Por favor lea estas condiciones de uso detenidamente, antes de utilizar el sitio web y los servicios ofrecidos por PARTNERS FOR STARTUPS (En adelante P4S). Este Acuerdo establece los t\u00e9rminos y condiciones de uso de nuestro sitio web, Redes Sociales, y dem\u00e1s espacios de interacci\u00f3n entre usuarios, clientes y visitantes del sitio.<\/p>\n<p>Si usted se registra en nuestro sitio web, autom\u00e1ticamente acepta que ha le\u00eddo estos t\u00e9rminos y condiciones, los entiende y los acepta.<\/p>\n<p>Si usted no est\u00e1 de acuerdo con estas condiciones, no podr\u00e1 acceder y hacer uso de la plataforma. Por consiguiente le advertimos que NO DEBE registrarse en el sitio.<\/p>\n<p><strong>GENERALIDADES:<\/strong><\/p>\n<p>P4S velar\u00e1 siempre por la calidad de los servicios ofrecidos. Se llevar\u00e1n a cabo monitoreos constantes para garantizar y cumplir siempre con los est\u00e1ndares de calidad en los servicios que presta P4S.<\/p>\n<p>P4S tendr\u00e1n a disposici\u00f3n del USUARIO una mesa de ayuda, que le permitir\u00e1 a trav\u00e9s de acceso multicanal, realizar solicitudes sobre su servicio.<\/p>\n<p>P4S se reserva el derecho de admisi\u00f3n de empresas o personas.<\/p>\n<p><strong>RESPONSABILIDADES<\/strong><\/p>\n<p>P4S no puede controlar todo el contenido proporcionado por los diferentes usuarios en el sitio. Tambi\u00e9n existen riesgos de tratar con personas menores de edad o personas que act\u00faan bajo una identidad falsa. Adem\u00e1s, tambi\u00e9n puede haber riesgos relacionados con el comercio internacional y compradores extranjeros. Mediante el uso de P4S, los usuarios se comprometen a aceptar estos posibles riesgos, sin embargo, P4S se compromete a mantener actualizada la plataforma y validar la informaci\u00f3n conforme a las pol\u00edticas de validaci\u00f3n de la informaci\u00f3n, mediante la solicitud de informaci\u00f3n a las empresas y personas que ingresen a P4S, y solo aceptar\u00e1 y validar\u00e1 aquellas que presenten informaci\u00f3n confiable y verificable.<\/p>\n<p><strong>GARANTIA:<\/strong><\/p>\n<p>P4S no garantiza el acceso continuo, ininterrumpido al Sitio, y el funcionamiento del Sitio puede ser interferido por numerosos factores fuera del control de P4S, sin embargo estar\u00e1 atenta a corregir posibles fallas y a brindar el soporte necesario a los usuarios.<\/p>\n<p><strong>PROPIEDAD INTELECTUAL:<\/strong><\/p>\n<p>P4S es el titular de todos los derechos que en virtud de las leyes de Propiedad Intelectual se le reconocen al creador de una obra. El contenido como contrato, texto, im\u00e1genes, logos, botones, iconos, marcas comerciales y otros, son propiedad intelectual de P4S (a excepci\u00f3n de material propiedad de terceros previamente autorizados y de sitios web de im\u00e1genes de contenido gratuito y libres de derechos de autor) y est\u00e1n protegidos bajo los derechos de autor, marcas y en general derechos de propiedad intelectual.<\/p>\n<p>Queda prohibida la reproducci\u00f3n total o parcial de cualquier contenido descrito en esta cl\u00e1usula, por cualquier medio y sin autorizaci\u00f3n previa.<\/p>\n<p><strong>MODIFICACI\u00d3N O CONCLUSI\u00d3N DE SERVICIO:<\/strong><\/p>\n<p>P4S se reserva el derecho de modificar o terminar el servicio s\u00f3lo con previo aviso.<\/p>\n<p>P4S se reserva el derecho de modificar estas Condiciones de Uso u otras pol\u00edticas del sitio en cualquier momento, as\u00ed que se solicita a los usuarios revisar las pol\u00edticas con frecuencia. En todo lo convenido y en lo que no se encuentre expresamente previsto, \u00e9ste contrato se regir\u00e1 por las leyes vigentes de la Rep\u00fablica de Colombia.<\/p>\n<p><strong>EXCLUSI\u00d3N DE RESPONSABILIDAD:<\/strong><\/p>\n<p>P4S no es responsable de los sitios web externos o recursos vinculados o referenciados en el Sitio. P4S no respalda ni es responsable de ning\u00fan contenido, publicidad, productos u otros materiales disponibles en dichos sitios o recursos. Los usuarios aceptan que P4S no ser\u00e1 responsable, directa o indirectamente, por cualquier da\u00f1o o p\u00e9rdida causada por el uso de cualquier contenido, bienes o servicios disponibles en sitios web o recursos externos a P4S.<\/p>\n<p>El USUARIO Acepta estos t\u00e9rminos y condiciones en su totalidad, ha entendido las condiciones del servicio antes de hacer la compra y ha proporcionado informaci\u00f3n exacta a P4S.<\/p>\n<p><strong>RESOLUCI\u00d3N DE CONTROVERSIAS:<\/strong><\/p>\n<p>En el caso de que surja una disputa entre P4S y un usuario o los usuarios entre s\u00ed, P4S les anima a ponerse en contacto para resolver el litigio de forma amistosa. Si entre dos usuarios no pueden resolver una disputa, resultante de una transacci\u00f3n que se produce en el sitio, puede comunicarse con P4S<\/p>\n<p><strong>NOTIFICACION:<\/strong><\/p>\n<p><strong>P4S<\/strong> se\u00f1ala medio para atender notificaciones al correo: e@p4s.co El horario de trabajo de nuestra empresa es lunes a viernes de 8:00 am a 6:00 pm en d\u00edas laborales seg\u00fan el calendario colombiano. Los correos que sean recibidos fuera de los horarios establecidos, ser\u00e1n respondidos a primera hora h\u00e1bil luego de recibidos.<\/p>\n<p>VERSI\u00d3N N\u00b0 1 ENERO 2020<\/p>\n<p>Tambi\u00e9n puedes consultar la <a href=\"https:\/\/p4s.co\/news\/politica-de-privacidad\/\">Pol\u00edtica de Privacidad<\/a>.<\/p>\n","protected":false},"excerpt":{"rendered":"<p>T\u00c9RMINOS Y CONDICIONES DE USO PARTNERS FOR STARTUPS P4S Por favor lea estas condiciones de uso detenidamente, antes de utilizar el sitio web y los servicios<span class=\"excerpt-hellip\"> [\u2026]<\/span><\/p>\n","protected":false},"author":1,"featured_media":5219,"parent":0,"menu_order":0,"comment_status":"closed","ping_status":"closed","template":"","meta":{"footnotes":""},"class_list":["post-916","page","type-page","status-publish","has-post-thumbnail","hentry"],"_links":{"self":[{"href":"https:\/\/p4s.co\/news\/wp-json\/wp\/v2\/pages\/916","targetHints":{"allow":["GET"]}}],"collection":[{"href":"https:\/\/p4s.co\/news\/wp-json\/wp\/v2\/pages"}],"about":[{"href":"https:\/\/p4s.co\/news\/wp-json\/wp\/v2\/types\/page"}],"author":[{"embeddable":true,"href":"https:\/\/p4s.co\/news\/wp-json\/wp\/v2\/users\/1"}],"replies":[{"embeddable":true,"href":"https:\/\/p4s.co\/news\/wp-json\/wp\/v2\/comments?post=916"}],"version-history":[{"count":6,"href":"https:\/\/p4s.co\/news\/wp-json\/wp\/v2\/pages\/916\/revisions"}],"predecessor-version":[{"id":5224,"href":"https:\/\/p4s.co\/news\/wp-json\/wp\/v2\/pages\/916\/revisions\/5224"}],"wp:featuredmedia":[{"embeddable":true,"href":"https:\/\/p4s.co\/news\/wp-json\/wp\/v2\/media\/5219"}],"wp:attachment":[{"href":"https:\/\/p4s.co\/news\/wp-json\/wp\/v2\/media?parent=916"}],"curies":[{"name":"wp","href":"https:\/\/api.w.org\/{rel}","templated":true}]}}