{"id":911,"date":"2020-01-23T18:00:49","date_gmt":"2020-01-23T23:00:49","guid":{"rendered":"https:\/\/p4s.co\/news\/?page_id=911"},"modified":"2022-03-29T14:50:18","modified_gmt":"2022-03-29T19:50:18","slug":"privacidad","status":"publish","type":"page","link":"https:\/\/p4s.co\/news\/privacidad\/","title":{"rendered":"Pol\u00edtica de Privacidad de la plataforma p4s"},"content":{"rendered":"<div class=\"ebor-page-wrapper\">\n<section class=\" light-wrapper normal-padding vc_row wpb_row vc_row-fluid light-wrapper normal-padding\">\n<div class=\"container \">\n<div class=\"row \">\n<div class=\"wpb_column vc_column_container col-md-12\">\n<div class=\"vc_column-inner \">\n<div class=\"wpb_wrapper\">\n<div class=\"wpb_text_column wpb_content_element \">\n<div class=\"wpb_wrapper\">\n<p style=\"text-align: center;\"><strong>Pol\u00edtica de privacidad y confidencialidad de la informaci\u00f3n y datos personales sitio web p4s.co<\/strong><\/p>\n<p><strong>\u00a0<\/strong>A trav\u00e9s de nuestro sitio Web, Redes Sociales, Motores de B\u00fasqueda, y dem\u00e1s espacios, se puede recoger nombre, email, n\u00fameros telef\u00f3nicos, entre otros datos de los visitantes que deseen entrar en contacto con nuestra empresa. Por esta raz\u00f3n y para proteger los datos personales de nuestros clientes y visitantes en consonancia con legislaci\u00f3n nacional e internacional que rige la materia, a continuaci\u00f3n nos permitimos se\u00f1alar a trav\u00e9s de la siguiente POL\u00cdTICA DE PRIVACIDAD las directrices que se tendr\u00e1n en cuenta al momento de ingreso, uso y permanencia en el sitio.<\/p>\n<p><strong>OBJETO<\/strong><\/p>\n<p>Reglamentar las pol\u00edticas y procedimientos que ser\u00e1n aplicables en el manejo de informaci\u00f3n de datos personales por parte de P4S seg\u00fan las disposiciones contenidas en la Ley 1581 de 2012, el decreto 1377 de 2013 y dem\u00e1s disposiciones nacionales e internacionales que rigen la materia.<\/p>\n<p><strong>RESPONSABLES DEL TRATAMIENTO<\/strong><\/p>\n<p>Usted podr\u00e1 ejercer sus derechos a conocer, actualizar, rectificar sus Datos Personales, hacer consultas y reclamos, y dem\u00e1s derechos indicados en el art\u00edculo 8\u00b0 de la ley 1581 de 2012 y las dem\u00e1s normas que lo complementen o sustituyan.<\/p>\n<p><strong>ALCANCE<\/strong><\/p>\n<p>El presente manual le es aplicable a los datos personales de personas naturales registrados en las bases de datos relativas a Empleados, Potenciales Empleados, Trabajadores Retirados, Accionistas, Proveedores, Potenciales Proveedores, Clientes y Usuarios, los cuales sean susceptibles de tratamiento. Aplicar\u00e1 a los datos personales que sean objeto de recolecci\u00f3n y manejo por parte de P4S. Si a futuro, otras personas naturales y jur\u00eddicas entran a formar parte de P4S, el manual aplicar\u00e1 a aquellas.<\/p>\n<p><strong>DEFINICIONES<\/strong><\/p>\n<p>Para la aplicaci\u00f3n de las reglas y procedimientos establecidos en el presente manual, y de acuerdo a lo establecido en el art\u00edculo 3 de la Ley Estatutaria 1581 de 2012, se entender\u00e1 por:<\/p>\n<ol>\n<li><strong>Autorizaci\u00f3n:<\/strong>\u00a0Consentimiento previo, expreso e informado del Titular para llevar a cabo el Tratamiento de datos personales.<\/li>\n<li><strong>Base de Datos:<\/strong>\u00a0Conjunto organizado de datos personales que sea objeto de Tratamiento.<\/li>\n<li><strong>Aviso de privacidad:<\/strong>\u00a0Documento f\u00edsico, electr\u00f3nico o en cualquier otro formato, generado por el responsable del Tratamiento que se pone a disposici\u00f3n del Titular para el Tratamiento de sus datos personales. A trav\u00e9s de este, se comunica al Titular de la informaci\u00f3n la existencia de las pol\u00edticas aplicables para el tratamiento de sus datos personales, junto con la forma como acceder a las mismas y las caracter\u00edsticas del tratamiento de los datos personales<\/li>\n<li><strong>Dato personal:<\/strong>\u00a0Cualquier informaci\u00f3n vinculada o que pueda asociarse a una o varias personas naturales determinadas o determinables, tales como nombre y apellidos, documento de identidad, edad, domicilio, regi\u00f3n, pa\u00eds, ciudad, c\u00f3digo postal, n\u00famero de tel\u00e9fono fijo, n\u00famero de tel\u00e9fono m\u00f3vil, direcci\u00f3n, direcci\u00f3n de correo electr\u00f3nico, preferencias publicitarias, preferencia de consumo, preferencias de canales, quejas y reclamos, novedades de servicio, datos b\u00e1sicos y personales, datos de contacto, datos demogr\u00e1ficos, datos de gustos, preferencias y h\u00e1bitos.<\/li>\n<li><strong>Datos sensibles:<\/strong>\u00a0Se entiende por datos sensibles aquellos que afectan la intimidad de Titular o cuyo uso indebido puede generar su discriminaci\u00f3n, tales como aquellos revelen el origen racial o \u00e9tnico, la orientaci\u00f3n pol\u00edtica, las convicciones religiosas o filos\u00f3ficas, la pertenencia a sindicatos, organizaciones sociales, de derechos humanos o que promuevan intereses de cualquier partido pol\u00edtico o que garanticen los derechos y garant\u00edas de partidos pol\u00edticos de oposici\u00f3n, as\u00ed como los datos relativos a la salud, a la vida sexual y los datos biom\u00e9tricos.<\/li>\n<li><strong>Encargado del Tratamiento:<\/strong>\u00a0Persona natural o jur\u00eddica, p\u00fablica o privada, que por s\u00ed misma o en asocio con otros, realice el Tratamiento de datos personales por cuenta del Responsable del Tratamiento.<\/li>\n<li><strong>Responsable del Tratamiento:<\/strong>\u00a0Persona natural o jur\u00eddica, p\u00fablica o privada, que por s\u00ed misma o en asocio con otros, decida sobre la base de datos y\/o el Tratamiento de los datos.<\/li>\n<li><strong>Titular:<\/strong>\u00a0Persona natural cuyos datos personales sean objeto de Tratamiento.<\/li>\n<li><strong>Tratamiento:<\/strong>\u00a0Cualquier operaci\u00f3n o conjunto de operaciones sobre datos personales, tales como la recolecci\u00f3n, almacenamiento, uso, circulaci\u00f3n o supresi\u00f3n de datos, en cualquier tecnolog\u00eda conocida o por conocer.<\/li>\n<\/ol>\n<p><strong>DERECHOS DE LOS TITULARES DE LA INFORMACI\u00d3N<\/strong><\/p>\n<p>De conformidad con el art\u00edculo 8 de la Ley Estatutaria 1581 de 2012, el Titular de los datos personales tiene los siguientes derechos:<\/p>\n<ul>\n<li>Conocer, actualizar y rectificar sus datos personales en su calidad de Responsable y Encargado del tratamiento.<\/li>\n<li>Solicitar prueba de la autorizaci\u00f3n otorgada a P4S.<\/li>\n<li>Ser informado por P4S respecto del uso que le ha dado a sus datos personales.<\/li>\n<li>Presentar ante la Superintendencia de Industria y Comercio quejas por infracciones a lo dispuesto en la Ley Estatutaria 1581 de 2012, habi\u00e9ndose agotado el tr\u00e1mite de consulta o reclamo seg\u00fan lo indicado en la mencionada Ley.<\/li>\n<li>Revocar la autorizaci\u00f3n y\/o solicitar la supresi\u00f3n del dato cuando en el Tratamiento no se respeten los principios, derechos y garant\u00edas constitucionales y legales.<\/li>\n<li>Acceder en forma gratuita a sus datos personales que hayan sido objeto de Tratamiento.<\/li>\n<\/ul>\n<p><strong>Deberes de P4S con relaci\u00f3n al tratamiento de datos personales en su calidad de Responsables y Encargado del Tratamiento.<\/strong><\/p>\n<p>Se deja de presente que los datos personales objeto del tratamiento son de propiedad de las personas a las que se refieren y ellas son las facultadas para disponer los mismos. Basado en lo anterior, solo har\u00e1 uso de los datos personales conforme a las finalidades establecidas en la Ley y respetando lo establecido en la Ley Estatutaria 1581 de 2012.<\/p>\n<p>De conformidad con el art\u00edculo 17 de la Ley Estatutaria 1581 de 2012, se comprometen a cumplir los siguientes deberes:<\/p>\n<ul>\n<li>Garantizar al Titular, en todo tiempo, el pleno y efectivo ejercicio del derecho de h\u00e1beas data.<\/li>\n<li>Solicitar y conservar copia de la respectiva autorizaci\u00f3n otorgada por el Titular.<\/li>\n<li>Realizar en los t\u00e9rminos previstos en los art\u00edculos 14 y 15 de la Ley Estatutaria 1581 de 2012, la actualizaci\u00f3n, rectificaci\u00f3n o supresi\u00f3n de los datos.<\/li>\n<li>Tramitar las consultas y reclamos formulados por los titulares en los t\u00e9rminos se\u00f1alados en el art\u00edculo 14 de la Ley Estatutaria 1581 de 2012.<\/li>\n<li>Conservar la informaci\u00f3n bajo las condiciones de seguridad necesarias para impedir su adulteraci\u00f3n, p\u00e9rdida, consulta, uso o acceso no autorizado o fraudulento.<\/li>\n<li>Insertar en las bases de datos la leyenda \u201cinformaci\u00f3n en discusi\u00f3n judicial\u201d una vez notificada por parte de la autoridad competente sobre procesos judiciales relacionados con la calidad o detalles del dato personal.<\/li>\n<li>Informar a la Superintendencia de Industria y Comercio cuando se presenten violaciones a los c\u00f3digos de seguridad y existan riesgos en la administraci\u00f3n de la informaci\u00f3n de los titulares.<\/li>\n<li>Tramitar las consultas y reclamos formulados por los titulares de la informaci\u00f3n.<\/li>\n<li>Cumplir las instrucciones y requerimientos que imparta la Superintendencia de Industria y Comercio.<\/li>\n<li>Aplicar las normas que reglamenten la Ley Estatutaria 1581 de 2012.<\/li>\n<\/ul>\n<p><strong>TRATAMIENTOS GENERALES DE LA INFORMACI\u00d3N<\/strong><\/p>\n<p>Esta informaci\u00f3n no ser\u00e1 compartida, divulgada ni vendida a terceros, ni usada para SPAM y los lectores podr\u00e1n retirarse de nuestra lista en el momento que as\u00ed lo deseen a trav\u00e9s de nuestros m\u00faltiples canales, lo cual eliminar\u00e1 cualquier comunicaci\u00f3n por medio electr\u00f3nico hacia dicha persona. P4S har\u00e1 todo lo que est\u00e9 a su alcance para proteger la privacidad de su informaci\u00f3n. Puede suceder que en virtud de \u00f3rdenes judiciales o de regulaciones legales, P4S se vea obligada a revelar informaci\u00f3n a las autoridades o terceras partes bajo ciertas circunstancias, o bien en casos de interceptaci\u00f3n de terceros que terceras partes puedan interceptar que accedan a cierta informaci\u00f3n o transmisiones de datos en cuyo caso no responderemos por la informaci\u00f3n que sea revelada.<\/p>\n<p><strong>USO Y PRIVACIDAD DE LA INFORMACI\u00d3N<\/strong><\/p>\n<p>Conforme ley 1581 de 2012) P4S puede recoger informaci\u00f3n para sus bases de datos a trav\u00e9s de nuestra P\u00e1gina Web, Redes Sociales, Boletines, Posicionamiento SEO, Motores de B\u00fasqueda, aperturas de nuestras campa\u00f1as de email marketing, formularios de contacto, eventos realizados entre otras, si el visitante no hace uso del bot\u00f3n de suscripci\u00f3n y\/o al diligenciar el formulario de contacto correspondiente, caso en el cual el lector acepta los T\u00e9rminos y Condiciones Generales y las pol\u00edticas aqu\u00ed descritas. La informaci\u00f3n puede ser consultada por las directivas de P4S, siendo exclusivamente responsabilidad de estos, el uso de esta informaci\u00f3n Nos acogemos a la ley 1581 de 2012 Art\u00edculo 5\u00b0.de datos sensibles. \u201cPara los prop\u00f3sitos de la presente ley, se entiende por datos sensibles aquellos que afectan la intimidad del Titular o cuyo uso indebido puede generar su discriminaci\u00f3n, tales como aquellos que revelen el origen racial o \u00e9tnico, la orientaci\u00f3n pol\u00edtica, las convicciones religiosas o filos\u00f3ficas, la pertenencia a sindicatos, organizaciones sociales, de derechos humanos o que promueva intereses de cualquier partido pol\u00edtico o que garanticen los derechos y garant\u00edas de partidos pol\u00edticos de oposici\u00f3n as\u00ed como los datos relativos a la salud, a la vida sexual y los datos biom\u00e9tricos.<\/p>\n<p>En relaci\u00f3n con datos considerados como Sensibles, en los t\u00e9rminos de la Ley 1581 de 2012, el Titular no est\u00e1 obligado a autorizar su Tratamiento. Respecto de Datos Personales de Ni\u00f1os, Ni\u00f1as y Adolescentes, cuando se recolecten, se tratar\u00e1n de acuerdo con lo establecido en el art\u00edculo 7 de la Ley 1581 de 2013 y el art\u00edculo 12 del Decreto 1377 de 2013, y seg\u00fan las finalidades establecidas en este Aviso de Privacidad en lo que puedan ser aplicables<\/p>\n<p><strong>CAPTURA DE DATOS<\/strong><\/p>\n<p>El visitante al inscribirse en alguno de los formularios de nuestros boletines, presencia en Web, motores de b\u00fasqueda, banners, redes sociales, blogs y todo tipo de presencia de nuestras comunicaciones, acepta la recepci\u00f3n e inscripci\u00f3n y nos autoriza el env\u00edo de campa\u00f1as institucionales y\/o de nuestros servicios.<\/p>\n<p>El lector tiene la posibilidad de solicitar v\u00eda correo electr\u00f3nico o medio digital mediante el bot\u00f3n de suscripci\u00f3n, la baja de sus datos de nuestra base de datos. Si el lector no recuerda o cree no haberse inscrito en nuestra base de datos pero recibe nuestra informaci\u00f3n, puede ser por las siguientes razones: 1) El lector hace parte de las listas de contacto de correo electr\u00f3nico de alguno de nuestros asociados el cual le ha reenviado o compartido esta informaci\u00f3n a trav\u00e9s del mismo medio o redes sociales y\/o enlaces. 2) Por nuestra labor en presencia de eventos, centros educativos, programas educativos, convenios de cooperaci\u00f3n, bases de datos de tradici\u00f3n, en la web a trav\u00e9s de motores de b\u00fasqueda (Yahoo! Search, Google, Bing, Opera, entre otros). Pol\u00edtica de buen uso del correo electr\u00f3nico Los mensajes de correo electr\u00f3nico al ser enviados por su sistema de env\u00edos masivos y bajo la opci\u00f3n de suscripci\u00f3n de nuestros lectores, deber\u00e1n contener en todos los casos un remitente aut\u00e9ntico en este caso de quien proceda la informaci\u00f3n. El destinatario de un correo electr\u00f3nico debe haber aceptado o solicitado previamente la recepci\u00f3n del mismo o, en su defecto, el emisor deber\u00e1 poder acreditar la existencia de un v\u00ednculo con el receptor de ese mensaje. Ser\u00e1 obligaci\u00f3n esencial a cargo del emisor que el destinatario pueda en cualquier momento, revocar el consentimiento prestado para la recepci\u00f3n de dicha comunicaci\u00f3n v\u00eda correo electr\u00f3nico y para ello, el beneficiado deber\u00e1 habilitar procedimientos sencillos, claros, eficaces y gratuitos para tal fin, as\u00ed como, informar de tales procedimientos. Los mensajes contenidos en los correos electr\u00f3nicos no pueden ser contrarios a las disposiciones del Orden P\u00fablico, la moral, las buenas costumbres nacionales e internacionales y los usos y costumbres aplicables en Internet, y el respeto de los derechos personal\u00edsimos de terceras personas.<\/p>\n<p><strong>AUTORIZACI\u00d3N DE USO DE DATOS PERSONALES<\/strong><\/p>\n<p>Conocidos mis derechos, en mi calidad de lector y\/o visitante de portales y actuando en nombre propio, en aplicaci\u00f3n de las normas que regulen lo relacionado con Habeas Data, autorizo de manera expresa, suficiente, voluntaria e informada a P4S para que reciban, administren, accedan, conserven, almacenen, archiven, analicen, copien, procesen, utilicen y consulten, toda la informaci\u00f3n personal y comercial, actual, pasada y futura de la cual soy titular y que se encuentra consignada en sus bases de datos o que entregue al diligenciar cualquier formulario ubicado bajo su p\u00e1gina o cualquier otra p\u00e1gina para que efect\u00faen actividades tales como (aunque no limitadas a las mismas): 1. Traslado, transmisi\u00f3n o entrega de informaci\u00f3n o documentaci\u00f3n a sus \u00e1reas de trabajo. 2. Creaci\u00f3n y registro como cliente o como proveedor. 3. Archivo de informaci\u00f3n y documentaci\u00f3n. 4. An\u00e1lisis de mercado y del consumidor, para lo cual podr\u00e1 entregar los datos a sus consultores o terceros con quienes haya contratado dicho estudio o consultor\u00eda y a quienes se extender\u00e1 la pol\u00edtica de privacidad de la informaci\u00f3n. 5. Uso para actividades promocionales y de investigaci\u00f3n y creaci\u00f3n de nuevos productos para lo cual podr\u00e1 entregar los datos a sus consultores o terceros con quienes haya contratado dicho estudio o consultor\u00eda. 6. Creaci\u00f3n de comunidades de clientes o personas con fines comerciales o de mercadeo. Para este efecto, podr\u00e1 entregar, compartir o enviar los datos personales del Lector a terceros con quienes realice alianzas, convenios o contratos. 7. Lanzamientos de Campa\u00f1as publicitarias de Correo Electr\u00f3nico, Marketing Digital, Redes Sociales, Correo Directo propias de la empresa. 8. Para que transfiera los datos a otros servidores ya sea que se encuentren ubicados dentro o fuera de Colombia. De igual forma, mediante la aceptaci\u00f3n del presente texto, certifico que la informaci\u00f3n antes descrita es veraz, completa, exacta, actualizada y legalmente obtenida. Por lo anterior, cualquier error en la informaci\u00f3n suministrada ser\u00e1 de mi \u00fanica y exclusiva responsabilidad, lo que exonera a P4S.<\/p>\n<p><strong>PROCEDIMIENTO PARA EFECTUAR ACTUALIZACI\u00d3N, CORRECCI\u00d3N O SUPRESI\u00d3N DE DATOS<\/strong><\/p>\n<p>De conformidad con el art\u00edculo 15 de la Ley Estatutaria 1581 de 2012, el Titular o sus causahabientes que consideren que la informaci\u00f3n contenida en una base de datos debe ser objeto de correcci\u00f3n, actualizaci\u00f3n o supresi\u00f3n, o cuando adviertan el presunto incumplimiento de cualquiera de los deberes contenidos en la Ley Estatutaria 1581 de 2012, podr\u00e1n presentar un reclamo el cual ser\u00e1 tramitado bajo las siguientes reglas:<\/p>\n<ol>\n<li>El reclamo se formular\u00e1 mediante comunicaci\u00f3n realizada por el titular o sus causahabientes dirigida a P4S responsable o el encargado del Tratamiento, la cual debe incluir la informaci\u00f3n se\u00f1alada en el art\u00edculo 15 de la Ley Estatutaria 1581 de 2010. Si el reclamo resulta incompleto, se requerir\u00e1 al interesado dentro de los cinco (5) d\u00edas siguientes a la recepci\u00f3n del reclamo para que subsane las fallas. Transcurridos dos (2) meses desde la fecha del requerimiento, sin que el solicitante presente la informaci\u00f3n requerida, se entender\u00e1 que ha desistido del reclamo. En todo caso si la comunicaci\u00f3n es dirigida a P4S y no tiene la calidad para responder la comunicaci\u00f3n, P4S sin necesidad de comunicarlo a la persona que realiza la reclamaci\u00f3n, dar\u00e1 conocimiento de la misma a la sociedad que deba dar respuesta.<\/li>\n<li>En caso de que P4S reciba un reclamo que no sea competente para resolver, dar\u00e1 traslado a quien corresponda en un t\u00e9rmino m\u00e1ximo de dos (2) d\u00edas h\u00e1biles e informar\u00e1 de la situaci\u00f3n al interesado.<\/li>\n<li>Una vez recibido el reclamo completo, se incluir\u00e1 en la base de datos una leyenda que diga \u201creclamo en tr\u00e1mite\u201d y el motivo del mismo, en un t\u00e9rmino no mayor a dos (2) d\u00edas h\u00e1biles. Dicha leyenda deber\u00e1 mantenerse hasta que el reclamo sea decidido.<\/li>\n<li>El t\u00e9rmino m\u00e1ximo para atender el reclamo ser\u00e1 de quince (15) d\u00edas h\u00e1biles contados a partir del d\u00eda siguiente a la fecha de su recibo. Cuando no fuere posible atender el reclamo dentro de dicho t\u00e9rmino, se informar\u00e1 al interesado los motivos de la demora y la fecha en que se atender\u00e1 su reclamo, la cual en ning\u00fan caso podr\u00e1 superar los ocho (8) d\u00edas h\u00e1biles siguientes al vencimiento del primer t\u00e9rmino.<\/li>\n<li>En cualquier tiempo y gratuitamente, la persona natural Titular de los datos personales o su representante podr\u00e1 solicitar la rectificaci\u00f3n, actualizaci\u00f3n o supresi\u00f3n de sus datos personales previa acreditaci\u00f3n de su identidad.<\/li>\n<\/ol>\n<p>La solicitud de rectificaci\u00f3n, actualizaci\u00f3n o supresi\u00f3n de sus datos personales debe ser presentada a trav\u00e9s por e-mail a la direcci\u00f3n info@p4s.co y deber\u00e1 contener como m\u00ednimo la siguiente informaci\u00f3n:<\/p>\n<ol>\n<li>El nombre y domicilio del Titular o representante o cualquier otro medio para recibir la respuesta a su solicitud.<\/li>\n<li>Los documentos que acrediten la identidad o la representaci\u00f3n del Titular de los datos personales.<\/li>\n<li>La descripci\u00f3n clara y precisa de los datos personales y de los hechos que dan lugar al reclamo.<\/li>\n<li>Los documentos que se desean hacer valer en la reclamaci\u00f3n.<\/li>\n<\/ol>\n<p>La supresi\u00f3n implica la eliminaci\u00f3n total o parcial de la informaci\u00f3n personal de acuerdo por lo solicitado por el Titular, de los registros, archives y bases de datos o tratamientos realizados por P4S<\/p>\n<blockquote>\n<p><strong>Nota aclaratoria para Facebook, META y dem\u00e1s servicios relacionados:<\/strong><\/p>\n<p>La solicitud de rectificaci\u00f3n, actualizaci\u00f3n o supresi\u00f3n de sus datos personales se debe hacer por e-mail a la direcci\u00f3n info@p4s.co , dejando claro en el asunto (subject) el tr\u00e1mite que se desea, por ejemplo: actualizaci\u00f3n, integraci\u00f3n o eliminaci\u00f3n de datos.<\/p>\n<p>Respecto a qu\u00e9 datos estamos procesando: Obtenemos de Facebook el nombre del usuario,su e-mail y el id_Facebook, esto con el objetivo de poder hacer Login with Facebook.<\/p>\n<p>Si el usuario de nuestro servicio <strong>p4s<\/strong> decide pausar o eliminar su perfil, nosotros borramos esos tres datos de nuestra base de datos.<\/p>\n<p>Cada usuario de nuestra plataforma tiene acceso a editar y modificar su perfil a voluntad propia, puede cambiar su nombre, avatar, e-mail, incluso puede desvincular su perfil de <strong>p4s<\/strong> del perfil de Facebook. Por \u00faltimo, hemos mejorado los servicios de atenci\u00f3n al usuario para gestionar su eliminaci\u00f3n por completo de nuestra plataforma <strong>p4s<\/strong>, al igual que sus datos de perfil como proyectos y su participaci\u00f3n en nuestros eventos, hackthons y ruedas de negocios organizadas por nuestro personal.<\/p>\n<\/blockquote>\n<p>Seg\u00fan la naturaleza de la Base de datos personales, la reclamaci\u00f3n ser\u00e1 gestionada por el \u00e1rea responsable de la atenci\u00f3n a la misma al interior de P4S<\/p>\n<p><strong>REQUISITO DE PROCEDIBILIDAD<\/strong><\/p>\n<p>El Titular o causahabiente s\u00f3lo podr\u00e1 elevar queja ante la Superintendencia de Industria y Comercio una vez haya agotado el tr\u00e1mite de consulta o reclamo ante P4S<\/p>\n<p><strong>REVOCATORIA DE ACTUALIZACI\u00d3N<\/strong><\/p>\n<p>De acuerdo con lo establecido con la Ley, en el supuesto en que en el Tratamiento no se respeten los principios, derechos y garant\u00edas constitucionales y legales, los Titulares o sus representantes (como es el caso de padres que ejerzan la patria potestad de un infante o adolescente) podr\u00e1n solicitar la revocatoria de la autorizaci\u00f3n otorgada para el Tratamiento de los mismos, salvo que por disposici\u00f3n legal o contractual se impida dicha revocatoria, indicando en dicho caso, las razones concretas con base en las cuales considera que se est\u00e1 dando la situaci\u00f3n de no respecto a los mencionados alcances.<\/p>\n<p><strong>REGISTRO DE LAS BASES DE DATOS<\/strong><\/p>\n<p>P4S en su calidad de Responsable y Encargado de Tratamiento deber\u00e1n proceder al registro de las bases en los t\u00e9rminos indicados por las normas colombianas.<\/p>\n<p><strong>ACEPTACI\u00d3N<\/strong><\/p>\n<p>Los Titulares de la informaci\u00f3n aceptan el tratamiento de sus datos personales conforme los t\u00e9rminos de este Manual, al momento de proporcionar sus datos.<\/p>\n<p><strong>VIGENCIA<\/strong><\/p>\n<p>Esta Pol\u00edtica General de Privacidad tiene una vigencia de car\u00e1cter indefinido, es efectiva desde la fecha de su publicaci\u00f3n. Este documento perder\u00e1 tal vigencia en el evento que una o varias de las disposiciones aqu\u00ed se\u00f1aladas sean objeto de actualizaci\u00f3n.<\/p>\n<\/div>\n<\/div>\n<\/div>\n<\/div>\n<\/div>\n<\/div>\n<\/div>\n<\/section>\n<\/div>\n<footer class=\"footer-1 bg-dark\">\n<div class=\"container\">\n<div class=\"row\">\n<div class=\"col-sm-6\">\n<div id=\"custom_html-4\" class=\"widget_text widget widget_custom_html\">VERSI\u00d3N N\u00b0 1 ENERO 2020<\/div>\n<\/div>\n<div>Tambi\u00e9n puedes consultar los <a href=\"https:\/\/p4s.co\/news\/terminos-y-condiciones\/\">T\u00e9rminos y Condiciones<\/a>.<\/div>\n<\/div>\n<\/div>\n<\/footer>\n\n\n<p><\/p>\n","protected":false},"excerpt":{"rendered":"<p>Pol\u00edtica de privacidad y confidencialidad de la informaci\u00f3n y datos personales sitio web p4s.co \u00a0A trav\u00e9s de nuestro sitio Web, Redes Sociales, Motores de B\u00fasqueda, y<span class=\"excerpt-hellip\"> [\u2026]<\/span><\/p>\n","protected":false},"author":1,"featured_media":5221,"parent":0,"menu_order":0,"comment_status":"closed","ping_status":"closed","template":"","meta":{"footnotes":""},"class_list":["post-911","page","type-page","status-publish","has-post-thumbnail","hentry"],"_links":{"self":[{"href":"https:\/\/p4s.co\/news\/wp-json\/wp\/v2\/pages\/911","targetHints":{"allow":["GET"]}}],"collection":[{"href":"https:\/\/p4s.co\/news\/wp-json\/wp\/v2\/pages"}],"about":[{"href":"https:\/\/p4s.co\/news\/wp-json\/wp\/v2\/types\/page"}],"author":[{"embeddable":true,"href":"https:\/\/p4s.co\/news\/wp-json\/wp\/v2\/users\/1"}],"replies":[{"embeddable":true,"href":"https:\/\/p4s.co\/news\/wp-json\/wp\/v2\/comments?post=911"}],"version-history":[{"count":9,"href":"https:\/\/p4s.co\/news\/wp-json\/wp\/v2\/pages\/911\/revisions"}],"predecessor-version":[{"id":5354,"href":"https:\/\/p4s.co\/news\/wp-json\/wp\/v2\/pages\/911\/revisions\/5354"}],"wp:featuredmedia":[{"embeddable":true,"href":"https:\/\/p4s.co\/news\/wp-json\/wp\/v2\/media\/5221"}],"wp:attachment":[{"href":"https:\/\/p4s.co\/news\/wp-json\/wp\/v2\/media?parent=911"}],"curies":[{"name":"wp","href":"https:\/\/api.w.org\/{rel}","templated":true}]}}