{"id":4123,"date":"2021-02-27T03:23:15","date_gmt":"2021-02-27T08:23:15","guid":{"rendered":"https:\/\/p4s.co\/news\/?page_id=4123"},"modified":"2025-08-21T18:34:56","modified_gmt":"2025-08-21T23:34:56","slug":"h","status":"publish","type":"page","link":"https:\/\/p4s.co\/news\/h\/","title":{"rendered":"Plataforma de Hackthons y Retos de Innovaci\u00f3n Corporativa"},"content":{"rendered":"","protected":false},"excerpt":{"rendered":"<p>Lanza r\u00e1pidamente tu reto corporativo en nuestra red de m\u00e1s de 24,300 emprendedores en Latam y haz el seguimiento de los proyectos a trav\u00e9s de nuestro Project Manager.<\/p>\n","protected":false},"author":1,"featured_media":4546,"parent":0,"menu_order":0,"comment_status":"closed","ping_status":"closed","template":"","meta":{"footnotes":""},"class_list":["post-4123","page","type-page","status-publish","has-post-thumbnail","hentry"],"_links":{"self":[{"href":"https:\/\/p4s.co\/news\/wp-json\/wp\/v2\/pages\/4123","targetHints":{"allow":["GET"]}}],"collection":[{"href":"https:\/\/p4s.co\/news\/wp-json\/wp\/v2\/pages"}],"about":[{"href":"https:\/\/p4s.co\/news\/wp-json\/wp\/v2\/types\/page"}],"author":[{"embeddable":true,"href":"https:\/\/p4s.co\/news\/wp-json\/wp\/v2\/users\/1"}],"replies":[{"embeddable":true,"href":"https:\/\/p4s.co\/news\/wp-json\/wp\/v2\/comments?post=4123"}],"version-history":[{"count":3,"href":"https:\/\/p4s.co\/news\/wp-json\/wp\/v2\/pages\/4123\/revisions"}],"predecessor-version":[{"id":4548,"href":"https:\/\/p4s.co\/news\/wp-json\/wp\/v2\/pages\/4123\/revisions\/4548"}],"wp:featuredmedia":[{"embeddable":true,"href":"https:\/\/p4s.co\/news\/wp-json\/wp\/v2\/media\/4546"}],"wp:attachment":[{"href":"https:\/\/p4s.co\/news\/wp-json\/wp\/v2\/media?parent=4123"}],"curies":[{"name":"wp","href":"https:\/\/api.w.org\/{rel}","templated":true}]}}